{"id":868,"date":"2022-07-22T15:01:36","date_gmt":"2022-07-22T20:01:36","guid":{"rendered":"https:\/\/morgansbarberhouse.com\/?page_id=868"},"modified":"2022-07-22T15:03:26","modified_gmt":"2022-07-22T20:03:26","slug":"politica-de-reembolso","status":"publish","type":"page","link":"https:\/\/morgansbarberhouse.com\/en\/politica-de-reembolso\/","title":{"rendered":"Politica de reembolso"},"content":{"rendered":"<div data-elementor-type=\"wp-page\" data-elementor-id=\"868\" class=\"elementor elementor-868\" data-elementor-post-type=\"page\">\n\t\t\t\t\t\t<section class=\"elementor-section elementor-top-section elementor-element elementor-element-3e14ac7 elementor-section-boxed elementor-section-height-default elementor-section-height-default\" data-id=\"3e14ac7\" data-element_type=\"section\" data-e-type=\"section\">\n\t\t\t\t\t\t<div class=\"elementor-container elementor-column-gap-default\">\n\t\t\t\t\t<div class=\"elementor-column elementor-col-100 elementor-top-column elementor-element elementor-element-403d605\" data-id=\"403d605\" data-element_type=\"column\" data-e-type=\"column\">\n\t\t\t<div class=\"elementor-widget-wrap elementor-element-populated\">\n\t\t\t\t\t\t<div class=\"elementor-element elementor-element-c691e17 elementor-widget elementor-widget-heading\" data-id=\"c691e17\" data-element_type=\"widget\" data-e-type=\"widget\" data-widget_type=\"heading.default\">\n\t\t\t\t<div class=\"elementor-widget-container\">\n\t\t\t\t\t<h2 class=\"elementor-heading-title elementor-size-default\">POLITICA DE REEMBOLSO<\/h2>\t\t\t\t<\/div>\n\t\t\t\t<\/div>\n\t\t\t\t\t<\/div>\n\t\t<\/div>\n\t\t\t\t\t<\/div>\n\t\t<\/section>\n\t\t\t\t<section class=\"elementor-section elementor-top-section elementor-element elementor-element-9f4dc58 elementor-section-boxed elementor-section-height-default elementor-section-height-default\" data-id=\"9f4dc58\" data-element_type=\"section\" data-e-type=\"section\">\n\t\t\t\t\t\t<div class=\"elementor-container elementor-column-gap-default\">\n\t\t\t\t\t<div class=\"elementor-column elementor-col-100 elementor-top-column elementor-element elementor-element-1bba183\" data-id=\"1bba183\" data-element_type=\"column\" data-e-type=\"column\">\n\t\t\t<div class=\"elementor-widget-wrap elementor-element-populated\">\n\t\t\t\t\t\t<div class=\"elementor-element elementor-element-dfdb78b elementor-widget elementor-widget-text-editor\" data-id=\"dfdb78b\" data-element_type=\"widget\" data-e-type=\"widget\" data-widget_type=\"text-editor.default\">\n\t\t\t\t<div class=\"elementor-widget-container\">\n\t\t\t\t\t\t\t\t\t<p>Cuando devuelves un producto, el monto y el m\u00e9todo del reembolso pueden variar. Verifica el m\u00e9todo de pago mediante el cual se reembols\u00f3 y el estado de tu reembolso en Mis pedidos.<\/p><h3 class=\"sectiontitle\">\u00bfCu\u00e1nto tiempo demoran los reembolsos?<\/h3><p>Cuando devuelves un producto, tienes la opci\u00f3n de seleccionar tu m\u00e9todo de reembolso preferido en el\u00a0<a href=\"https:\/\/api.whatsapp.com\/send?phone=573004155871&amp;text=\" target=\"_blank\" rel=\"noopener\">Centro de devoluciones en l\u00ednea<\/a>.<\/p><p>Una vez que el transportista recibe el producto, pueden pasar hasta dos semanas para que recibamos y procesemos la devoluci\u00f3n. Ciertos productos pueden tardar hasta 30\u00a0d\u00edas. Normalmente, procesamos las devoluciones en un plazo de entre tres y cinco d\u00edas h\u00e1biles despu\u00e9s de que el transportista entrega el producto en nuestro Centro de devoluciones. Cuando completamos el procesamiento de la devoluci\u00f3n, emitimos un reembolso al m\u00e9todo de pago seleccionado. Aprende a\u00a0<a class=\"same_window\" href=\"https:\/\/api.whatsapp.com\/send?phone=573004155871&amp;text=\" target=\"_self\">rastrear tu devoluci\u00f3n<\/a>.<\/p><h3 class=\"sectiontitle\">Reembolso instant\u00e1neo<\/h3><p>Si quieres usar tu reembolso sin esperar a que procesemos la devoluci\u00f3n, puedes seleccionar la opci\u00f3n\u00a0<span id=\"GUID-B410E5E7-A3BC-42B6-88B2-275EB643C1BD__GUID-649C027D-EE0B-4B71-93ED-79C59AC57B66\" class=\"a-text-bold\">Reembolso instant\u00e1neo<\/span> si est\u00e1 disponible. Los reembolsos instant\u00e1neos se reembolsan a tu tarjeta de cr\u00e9dito. Aun as\u00ed tienes que devolver tus productos en un plazo de 30 d\u00edas.<\/p><h3 class=\"sectiontitle\">Plazos de reembolsos<\/h3><p>Una vez que emitimos el reembolso, la instituci\u00f3n financiera tardar\u00e1 m\u00e1s tiempo en poner los fondos a tu disposici\u00f3n en la cuenta. Consulta la siguiente tabla para obtener m\u00e1s detalles.<\/p><p>\u00a0<\/p>\t\t\t\t\t\t\t\t<\/div>\n\t\t\t\t<\/div>\n\t\t\t\t\t<\/div>\n\t\t<\/div>\n\t\t\t\t\t<\/div>\n\t\t<\/section>\n\t\t\t\t<\/div>","protected":false},"excerpt":{"rendered":"<p>POLITICA DE REEMBOLSO Cuando devuelves un producto, el monto y el m\u00e9todo del reembolso pueden variar. Verifica el m\u00e9todo de pago mediante el cual se reembols\u00f3 y el estado de tu reembolso en Mis pedidos. \u00bfCu\u00e1nto tiempo demoran los reembolsos? Cuando devuelves un producto, tienes la opci\u00f3n de seleccionar tu m\u00e9todo de reembolso preferido en &hellip;<\/p>\n<p class=\"read-more\"> <a class=\"\" href=\"https:\/\/morgansbarberhouse.com\/en\/politica-de-reembolso\/\"> <span class=\"screen-reader-text\">Politica de reembolso<\/span> Read More &raquo;<\/a><\/p>","protected":false},"author":1,"featured_media":0,"parent":0,"menu_order":0,"comment_status":"closed","ping_status":"closed","template":"","meta":{"_uag_custom_page_level_css":"","site-sidebar-layout":"no-sidebar","site-content-layout":"page-builder","ast-global-header-display":"","ast-main-header-display":"","ast-hfb-above-header-display":"","ast-hfb-below-header-display":"","ast-hfb-mobile-header-display":"","site-post-title":"disabled","ast-breadcrumbs-content":"","ast-featured-img":"disabled","footer-sml-layout":"","theme-transparent-header-meta":"","adv-header-id-meta":"","stick-header-meta":"","header-above-stick-meta":"","header-main-stick-meta":"","header-below-stick-meta":"","footnotes":""},"class_list":["post-868","page","type-page","status-publish","hentry"],"yoast_head":"<!-- This site is optimized with the Yoast SEO Premium plugin v25.8 (Yoast SEO v27.3) - https:\/\/yoast.com\/product\/yoast-seo-premium-wordpress\/ -->\n<title>Politica de reembolso - La Mejor Barberia de Cartagena<\/title>\n<meta name=\"robots\" content=\"index, follow, max-snippet:-1, max-image-preview:large, max-video-preview:-1\" \/>\n<link rel=\"canonical\" href=\"https:\/\/morgansbarberhouse.com\/en\/politica-de-reembolso\/\" \/>\n<meta property=\"og:locale\" content=\"en_US\" \/>\n<meta property=\"og:type\" content=\"article\" \/>\n<meta property=\"og:title\" content=\"Politica de reembolso\" \/>\n<meta property=\"og:description\" content=\"POLITICA DE REEMBOLSO Cuando devuelves un producto, el monto y el m\u00e9todo del reembolso pueden variar. Verifica el m\u00e9todo de pago mediante el cual se reembols\u00f3 y el estado de tu reembolso en Mis pedidos. \u00bfCu\u00e1nto tiempo demoran los reembolsos? Cuando devuelves un producto, tienes la opci\u00f3n de seleccionar tu m\u00e9todo de reembolso preferido en &hellip; Politica de reembolso Read More &raquo;\" \/>\n<meta property=\"og:url\" content=\"https:\/\/morgansbarberhouse.com\/en\/politica-de-reembolso\/\" \/>\n<meta property=\"og:site_name\" content=\"La Mejor Barberia de Cartagena\" \/>\n<meta property=\"article:modified_time\" content=\"2022-07-22T20:03:26+00:00\" \/>\n<meta name=\"twitter:card\" content=\"summary_large_image\" \/>\n<meta name=\"twitter:label1\" content=\"Est. reading time\" \/>\n\t<meta name=\"twitter:data1\" content=\"1 minute\" \/>\n<script type=\"application\/ld+json\" class=\"yoast-schema-graph\">{\"@context\":\"https:\\\/\\\/schema.org\",\"@graph\":[{\"@type\":\"WebPage\",\"@id\":\"https:\\\/\\\/morgansbarberhouse.com\\\/politica-de-reembolso\\\/\",\"url\":\"https:\\\/\\\/morgansbarberhouse.com\\\/politica-de-reembolso\\\/\",\"name\":\"Politica de reembolso - La Mejor Barberia de Cartagena\",\"isPartOf\":{\"@id\":\"https:\\\/\\\/morgansbarberhouse.com\\\/#website\"},\"datePublished\":\"2022-07-22T20:01:36+00:00\",\"dateModified\":\"2022-07-22T20:03:26+00:00\",\"breadcrumb\":{\"@id\":\"https:\\\/\\\/morgansbarberhouse.com\\\/politica-de-reembolso\\\/#breadcrumb\"},\"inLanguage\":\"en-US\",\"potentialAction\":[{\"@type\":\"ReadAction\",\"target\":[\"https:\\\/\\\/morgansbarberhouse.com\\\/politica-de-reembolso\\\/\"]}]},{\"@type\":\"BreadcrumbList\",\"@id\":\"https:\\\/\\\/morgansbarberhouse.com\\\/politica-de-reembolso\\\/#breadcrumb\",\"itemListElement\":[{\"@type\":\"ListItem\",\"position\":1,\"name\":\"Inicio\",\"item\":\"https:\\\/\\\/morgansbarberhouse.com\\\/\"},{\"@type\":\"ListItem\",\"position\":2,\"name\":\"Politica de reembolso\"}]},{\"@type\":\"WebSite\",\"@id\":\"https:\\\/\\\/morgansbarberhouse.com\\\/#website\",\"url\":\"https:\\\/\\\/morgansbarberhouse.com\\\/\",\"name\":\"La Mejor Barberia de Cartagena\",\"description\":\"La guarida\",\"publisher\":{\"@id\":\"https:\\\/\\\/morgansbarberhouse.com\\\/#organization\"},\"potentialAction\":[{\"@type\":\"SearchAction\",\"target\":{\"@type\":\"EntryPoint\",\"urlTemplate\":\"https:\\\/\\\/morgansbarberhouse.com\\\/?s={search_term_string}\"},\"query-input\":{\"@type\":\"PropertyValueSpecification\",\"valueRequired\":true,\"valueName\":\"search_term_string\"}}],\"inLanguage\":\"en-US\"},{\"@type\":\"Organization\",\"@id\":\"https:\\\/\\\/morgansbarberhouse.com\\\/#organization\",\"name\":\"La Mejor Barberia de Cartagena\",\"url\":\"https:\\\/\\\/morgansbarberhouse.com\\\/\",\"logo\":{\"@type\":\"ImageObject\",\"inLanguage\":\"en-US\",\"@id\":\"https:\\\/\\\/morgansbarberhouse.com\\\/#\\\/schema\\\/logo\\\/image\\\/\",\"url\":\"https:\\\/\\\/morgansbarberhouse.com\\\/wp-content\\\/uploads\\\/2022\\\/04\\\/cropped-Imagen2.png\",\"contentUrl\":\"https:\\\/\\\/morgansbarberhouse.com\\\/wp-content\\\/uploads\\\/2022\\\/04\\\/cropped-Imagen2.png\",\"width\":3775,\"height\":1622,\"caption\":\"La Mejor Barberia de Cartagena\"},\"image\":{\"@id\":\"https:\\\/\\\/morgansbarberhouse.com\\\/#\\\/schema\\\/logo\\\/image\\\/\"}}]}<\/script>\n<!-- \/ Yoast SEO Premium plugin. -->","yoast_head_json":{"title":"Politica de reembolso - La Mejor Barberia de Cartagena","robots":{"index":"index","follow":"follow","max-snippet":"max-snippet:-1","max-image-preview":"max-image-preview:large","max-video-preview":"max-video-preview:-1"},"canonical":"https:\/\/morgansbarberhouse.com\/en\/politica-de-reembolso\/","og_locale":"en_US","og_type":"article","og_title":"Politica de reembolso","og_description":"POLITICA DE REEMBOLSO Cuando devuelves un producto, el monto y el m\u00e9todo del reembolso pueden variar. Verifica el m\u00e9todo de pago mediante el cual se reembols\u00f3 y el estado de tu reembolso en Mis pedidos. \u00bfCu\u00e1nto tiempo demoran los reembolsos? Cuando devuelves un producto, tienes la opci\u00f3n de seleccionar tu m\u00e9todo de reembolso preferido en &hellip; Politica de reembolso Read More &raquo;","og_url":"https:\/\/morgansbarberhouse.com\/en\/politica-de-reembolso\/","og_site_name":"La Mejor Barberia de Cartagena","article_modified_time":"2022-07-22T20:03:26+00:00","twitter_card":"summary_large_image","twitter_misc":{"Est. reading time":"1 minute"},"schema":{"@context":"https:\/\/schema.org","@graph":[{"@type":"WebPage","@id":"https:\/\/morgansbarberhouse.com\/politica-de-reembolso\/","url":"https:\/\/morgansbarberhouse.com\/politica-de-reembolso\/","name":"Politica de reembolso - La Mejor Barberia de Cartagena","isPartOf":{"@id":"https:\/\/morgansbarberhouse.com\/#website"},"datePublished":"2022-07-22T20:01:36+00:00","dateModified":"2022-07-22T20:03:26+00:00","breadcrumb":{"@id":"https:\/\/morgansbarberhouse.com\/politica-de-reembolso\/#breadcrumb"},"inLanguage":"en-US","potentialAction":[{"@type":"ReadAction","target":["https:\/\/morgansbarberhouse.com\/politica-de-reembolso\/"]}]},{"@type":"BreadcrumbList","@id":"https:\/\/morgansbarberhouse.com\/politica-de-reembolso\/#breadcrumb","itemListElement":[{"@type":"ListItem","position":1,"name":"Inicio","item":"https:\/\/morgansbarberhouse.com\/"},{"@type":"ListItem","position":2,"name":"Politica de reembolso"}]},{"@type":"WebSite","@id":"https:\/\/morgansbarberhouse.com\/#website","url":"https:\/\/morgansbarberhouse.com\/","name":"La Mejor Barberia de Cartagena","description":"La guarida","publisher":{"@id":"https:\/\/morgansbarberhouse.com\/#organization"},"potentialAction":[{"@type":"SearchAction","target":{"@type":"EntryPoint","urlTemplate":"https:\/\/morgansbarberhouse.com\/?s={search_term_string}"},"query-input":{"@type":"PropertyValueSpecification","valueRequired":true,"valueName":"search_term_string"}}],"inLanguage":"en-US"},{"@type":"Organization","@id":"https:\/\/morgansbarberhouse.com\/#organization","name":"La Mejor Barberia de Cartagena","url":"https:\/\/morgansbarberhouse.com\/","logo":{"@type":"ImageObject","inLanguage":"en-US","@id":"https:\/\/morgansbarberhouse.com\/#\/schema\/logo\/image\/","url":"https:\/\/morgansbarberhouse.com\/wp-content\/uploads\/2022\/04\/cropped-Imagen2.png","contentUrl":"https:\/\/morgansbarberhouse.com\/wp-content\/uploads\/2022\/04\/cropped-Imagen2.png","width":3775,"height":1622,"caption":"La Mejor Barberia de Cartagena"},"image":{"@id":"https:\/\/morgansbarberhouse.com\/#\/schema\/logo\/image\/"}}]}},"uagb_featured_image_src":{"full":false,"thumbnail":false,"medium":false,"medium_large":false,"large":false,"1536x1536":false,"2048x2048":false,"trp-custom-language-flag":false,"woocommerce_thumbnail":false,"woocommerce_single":false,"woocommerce_gallery_thumbnail":false},"uagb_author_info":{"display_name":"info","author_link":"https:\/\/morgansbarberhouse.com\/en\/author\/info\/"},"uagb_comment_info":0,"uagb_excerpt":"POLITICA DE REEMBOLSO Cuando devuelves un producto, el monto y el m\u00e9todo del reembolso pueden variar. Verifica el m\u00e9todo de pago mediante el cual se reembols\u00f3 y el estado de tu reembolso en Mis pedidos. \u00bfCu\u00e1nto tiempo demoran los reembolsos? Cuando devuelves un producto, tienes la opci\u00f3n de seleccionar tu m\u00e9todo de reembolso preferido en&hellip;","jetpack_sharing_enabled":true,"_links":{"self":[{"href":"https:\/\/morgansbarberhouse.com\/en\/wp-json\/wp\/v2\/pages\/868","targetHints":{"allow":["GET"]}}],"collection":[{"href":"https:\/\/morgansbarberhouse.com\/en\/wp-json\/wp\/v2\/pages"}],"about":[{"href":"https:\/\/morgansbarberhouse.com\/en\/wp-json\/wp\/v2\/types\/page"}],"author":[{"embeddable":true,"href":"https:\/\/morgansbarberhouse.com\/en\/wp-json\/wp\/v2\/users\/1"}],"replies":[{"embeddable":true,"href":"https:\/\/morgansbarberhouse.com\/en\/wp-json\/wp\/v2\/comments?post=868"}],"version-history":[{"count":4,"href":"https:\/\/morgansbarberhouse.com\/en\/wp-json\/wp\/v2\/pages\/868\/revisions"}],"predecessor-version":[{"id":873,"href":"https:\/\/morgansbarberhouse.com\/en\/wp-json\/wp\/v2\/pages\/868\/revisions\/873"}],"wp:attachment":[{"href":"https:\/\/morgansbarberhouse.com\/en\/wp-json\/wp\/v2\/media?parent=868"}],"curies":[{"name":"wp","href":"https:\/\/api.w.org\/{rel}","templated":true}]}}