{"id":410,"date":"2022-04-20T17:03:55","date_gmt":"2022-04-20T22:03:55","guid":{"rendered":"https:\/\/morgansbarberhouse.com\/?post_type=product&#038;p=410"},"modified":"2025-06-18T17:51:47","modified_gmt":"2025-06-18T22:51:47","slug":"corte-de-cabello","status":"publish","type":"product","link":"https:\/\/morgansbarberhouse.com\/en\/product\/corte-de-cabello\/","title":{"rendered":"Corte de Cabello"},"content":{"rendered":"","protected":false},"excerpt":{"rendered":"<p><strong data-start=\"181\" data-end=\"201\">Corte de Cabello<\/strong><br data-start=\"201\" data-end=\"204\" \/>Un corte dise\u00f1ado a tu medida, con t\u00e9cnica precisa y enfoque en estilo, simetr\u00eda y frescura. Nos tomamos el tiempo para entender lo que buscas y lo transformamos en un look que resalta tu imagen personal. Calidad y detalle en cada l\u00ednea.<\/p>","protected":false},"featured_media":383,"comment_status":"open","ping_status":"closed","template":"","meta":{"_uag_custom_page_level_css":"","site-sidebar-layout":"default","site-content-layout":"default","ast-global-header-display":"","ast-main-header-display":"","ast-hfb-above-header-display":"","ast-hfb-below-header-display":"","ast-hfb-mobile-header-display":"","site-post-title":"","ast-breadcrumbs-content":"","ast-featured-img":"","footer-sml-layout":"","theme-transparent-header-meta":"default","adv-header-id-meta":"","stick-header-meta":"","header-above-stick-meta":"","header-main-stick-meta":"","header-below-stick-meta":""},"product_brand":[],"product_cat":[20],"product_tag":[],"class_list":{"0":"post-410","1":"product","2":"type-product","3":"status-publish","4":"has-post-thumbnail","6":"product_cat-servicios","8":"first","9":"instock","10":"shipping-taxable","11":"purchasable","12":"product-type-simple"},"yoast_head":"<!-- This site is optimized with the Yoast SEO Premium plugin v25.8 (Yoast SEO v27.3) - https:\/\/yoast.com\/product\/yoast-seo-premium-wordpress\/ -->\n<title>Corte de Cabello - La Mejor Barberia de Cartagena<\/title>\n<meta name=\"robots\" content=\"index, follow, max-snippet:-1, max-image-preview:large, max-video-preview:-1\" \/>\n<link rel=\"canonical\" href=\"https:\/\/morgansbarberhouse.com\/en\/product\/corte-de-cabello\/\" \/>\n<meta property=\"og:locale\" content=\"en_US\" \/>\n<meta property=\"og:type\" content=\"article\" \/>\n<meta property=\"og:title\" content=\"Corte de Cabello\" \/>\n<meta property=\"og:description\" content=\"Corte de CabelloUn corte dise\u00f1ado a tu medida, con t\u00e9cnica precisa y enfoque en estilo, simetr\u00eda y frescura. Nos tomamos el tiempo para entender lo que buscas y lo transformamos en un look que resalta tu imagen personal. Calidad y detalle en cada l\u00ednea.\" \/>\n<meta property=\"og:url\" content=\"https:\/\/morgansbarberhouse.com\/en\/product\/corte-de-cabello\/\" \/>\n<meta property=\"og:site_name\" content=\"La Mejor Barberia de Cartagena\" \/>\n<meta property=\"article:modified_time\" content=\"2025-06-18T22:51:47+00:00\" \/>\n<meta property=\"og:image\" content=\"https:\/\/morgansbarberhouse.com\/wp-content\/uploads\/2022\/04\/CORTE.png\" \/>\n\t<meta property=\"og:image:width\" content=\"500\" \/>\n\t<meta property=\"og:image:height\" content=\"490\" \/>\n\t<meta property=\"og:image:type\" content=\"image\/png\" \/>\n<meta name=\"twitter:card\" content=\"summary_large_image\" \/>\n<script type=\"application\/ld+json\" class=\"yoast-schema-graph\">{\"@context\":\"https:\\\/\\\/schema.org\",\"@graph\":[{\"@type\":\"WebPage\",\"@id\":\"https:\\\/\\\/morgansbarberhouse.com\\\/producto\\\/corte-de-cabello\\\/\",\"url\":\"https:\\\/\\\/morgansbarberhouse.com\\\/producto\\\/corte-de-cabello\\\/\",\"name\":\"Corte de Cabello - La Mejor Barberia de Cartagena\",\"isPartOf\":{\"@id\":\"https:\\\/\\\/morgansbarberhouse.com\\\/#website\"},\"primaryImageOfPage\":{\"@id\":\"https:\\\/\\\/morgansbarberhouse.com\\\/producto\\\/corte-de-cabello\\\/#primaryimage\"},\"image\":{\"@id\":\"https:\\\/\\\/morgansbarberhouse.com\\\/producto\\\/corte-de-cabello\\\/#primaryimage\"},\"thumbnailUrl\":\"https:\\\/\\\/morgansbarberhouse.com\\\/wp-content\\\/uploads\\\/2022\\\/04\\\/CORTE.png\",\"datePublished\":\"2022-04-20T22:03:55+00:00\",\"dateModified\":\"2025-06-18T22:51:47+00:00\",\"breadcrumb\":{\"@id\":\"https:\\\/\\\/morgansbarberhouse.com\\\/producto\\\/corte-de-cabello\\\/#breadcrumb\"},\"inLanguage\":\"en-US\",\"potentialAction\":[{\"@type\":\"ReadAction\",\"target\":[\"https:\\\/\\\/morgansbarberhouse.com\\\/producto\\\/corte-de-cabello\\\/\"]}]},{\"@type\":\"ImageObject\",\"inLanguage\":\"en-US\",\"@id\":\"https:\\\/\\\/morgansbarberhouse.com\\\/producto\\\/corte-de-cabello\\\/#primaryimage\",\"url\":\"https:\\\/\\\/morgansbarberhouse.com\\\/wp-content\\\/uploads\\\/2022\\\/04\\\/CORTE.png\",\"contentUrl\":\"https:\\\/\\\/morgansbarberhouse.com\\\/wp-content\\\/uploads\\\/2022\\\/04\\\/CORTE.png\",\"width\":500,\"height\":490},{\"@type\":\"BreadcrumbList\",\"@id\":\"https:\\\/\\\/morgansbarberhouse.com\\\/producto\\\/corte-de-cabello\\\/#breadcrumb\",\"itemListElement\":[{\"@type\":\"ListItem\",\"position\":1,\"name\":\"Inicio\",\"item\":\"https:\\\/\\\/morgansbarberhouse.com\\\/\"},{\"@type\":\"ListItem\",\"position\":2,\"name\":\"Tienda\",\"item\":\"https:\\\/\\\/morgansbarberhouse.com\\\/tienda\\\/\"},{\"@type\":\"ListItem\",\"position\":3,\"name\":\"Corte de Cabello\"}]},{\"@type\":\"WebSite\",\"@id\":\"https:\\\/\\\/morgansbarberhouse.com\\\/#website\",\"url\":\"https:\\\/\\\/morgansbarberhouse.com\\\/\",\"name\":\"La Mejor Barberia de Cartagena\",\"description\":\"La guarida\",\"publisher\":{\"@id\":\"https:\\\/\\\/morgansbarberhouse.com\\\/#organization\"},\"potentialAction\":[{\"@type\":\"SearchAction\",\"target\":{\"@type\":\"EntryPoint\",\"urlTemplate\":\"https:\\\/\\\/morgansbarberhouse.com\\\/?s={search_term_string}\"},\"query-input\":{\"@type\":\"PropertyValueSpecification\",\"valueRequired\":true,\"valueName\":\"search_term_string\"}}],\"inLanguage\":\"en-US\"},{\"@type\":\"Organization\",\"@id\":\"https:\\\/\\\/morgansbarberhouse.com\\\/#organization\",\"name\":\"La Mejor Barberia de Cartagena\",\"url\":\"https:\\\/\\\/morgansbarberhouse.com\\\/\",\"logo\":{\"@type\":\"ImageObject\",\"inLanguage\":\"en-US\",\"@id\":\"https:\\\/\\\/morgansbarberhouse.com\\\/#\\\/schema\\\/logo\\\/image\\\/\",\"url\":\"https:\\\/\\\/morgansbarberhouse.com\\\/wp-content\\\/uploads\\\/2022\\\/04\\\/cropped-Imagen2.png\",\"contentUrl\":\"https:\\\/\\\/morgansbarberhouse.com\\\/wp-content\\\/uploads\\\/2022\\\/04\\\/cropped-Imagen2.png\",\"width\":3775,\"height\":1622,\"caption\":\"La Mejor Barberia de Cartagena\"},\"image\":{\"@id\":\"https:\\\/\\\/morgansbarberhouse.com\\\/#\\\/schema\\\/logo\\\/image\\\/\"}}]}<\/script>\n<!-- \/ Yoast SEO Premium plugin. -->","yoast_head_json":{"title":"Corte de Cabello - La Mejor Barberia de Cartagena","robots":{"index":"index","follow":"follow","max-snippet":"max-snippet:-1","max-image-preview":"max-image-preview:large","max-video-preview":"max-video-preview:-1"},"canonical":"https:\/\/morgansbarberhouse.com\/en\/product\/corte-de-cabello\/","og_locale":"en_US","og_type":"article","og_title":"Corte de Cabello","og_description":"Corte de CabelloUn corte dise\u00f1ado a tu medida, con t\u00e9cnica precisa y enfoque en estilo, simetr\u00eda y frescura. Nos tomamos el tiempo para entender lo que buscas y lo transformamos en un look que resalta tu imagen personal. Calidad y detalle en cada l\u00ednea.","og_url":"https:\/\/morgansbarberhouse.com\/en\/product\/corte-de-cabello\/","og_site_name":"La Mejor Barberia de Cartagena","article_modified_time":"2025-06-18T22:51:47+00:00","og_image":[{"width":500,"height":490,"url":"https:\/\/morgansbarberhouse.com\/wp-content\/uploads\/2022\/04\/CORTE.png","type":"image\/png"}],"twitter_card":"summary_large_image","schema":{"@context":"https:\/\/schema.org","@graph":[{"@type":"WebPage","@id":"https:\/\/morgansbarberhouse.com\/producto\/corte-de-cabello\/","url":"https:\/\/morgansbarberhouse.com\/producto\/corte-de-cabello\/","name":"Corte de Cabello - La Mejor Barberia de Cartagena","isPartOf":{"@id":"https:\/\/morgansbarberhouse.com\/#website"},"primaryImageOfPage":{"@id":"https:\/\/morgansbarberhouse.com\/producto\/corte-de-cabello\/#primaryimage"},"image":{"@id":"https:\/\/morgansbarberhouse.com\/producto\/corte-de-cabello\/#primaryimage"},"thumbnailUrl":"https:\/\/morgansbarberhouse.com\/wp-content\/uploads\/2022\/04\/CORTE.png","datePublished":"2022-04-20T22:03:55+00:00","dateModified":"2025-06-18T22:51:47+00:00","breadcrumb":{"@id":"https:\/\/morgansbarberhouse.com\/producto\/corte-de-cabello\/#breadcrumb"},"inLanguage":"en-US","potentialAction":[{"@type":"ReadAction","target":["https:\/\/morgansbarberhouse.com\/producto\/corte-de-cabello\/"]}]},{"@type":"ImageObject","inLanguage":"en-US","@id":"https:\/\/morgansbarberhouse.com\/producto\/corte-de-cabello\/#primaryimage","url":"https:\/\/morgansbarberhouse.com\/wp-content\/uploads\/2022\/04\/CORTE.png","contentUrl":"https:\/\/morgansbarberhouse.com\/wp-content\/uploads\/2022\/04\/CORTE.png","width":500,"height":490},{"@type":"BreadcrumbList","@id":"https:\/\/morgansbarberhouse.com\/producto\/corte-de-cabello\/#breadcrumb","itemListElement":[{"@type":"ListItem","position":1,"name":"Inicio","item":"https:\/\/morgansbarberhouse.com\/"},{"@type":"ListItem","position":2,"name":"Tienda","item":"https:\/\/morgansbarberhouse.com\/tienda\/"},{"@type":"ListItem","position":3,"name":"Corte de Cabello"}]},{"@type":"WebSite","@id":"https:\/\/morgansbarberhouse.com\/#website","url":"https:\/\/morgansbarberhouse.com\/","name":"La Mejor Barberia de Cartagena","description":"La guarida","publisher":{"@id":"https:\/\/morgansbarberhouse.com\/#organization"},"potentialAction":[{"@type":"SearchAction","target":{"@type":"EntryPoint","urlTemplate":"https:\/\/morgansbarberhouse.com\/?s={search_term_string}"},"query-input":{"@type":"PropertyValueSpecification","valueRequired":true,"valueName":"search_term_string"}}],"inLanguage":"en-US"},{"@type":"Organization","@id":"https:\/\/morgansbarberhouse.com\/#organization","name":"La Mejor Barberia de Cartagena","url":"https:\/\/morgansbarberhouse.com\/","logo":{"@type":"ImageObject","inLanguage":"en-US","@id":"https:\/\/morgansbarberhouse.com\/#\/schema\/logo\/image\/","url":"https:\/\/morgansbarberhouse.com\/wp-content\/uploads\/2022\/04\/cropped-Imagen2.png","contentUrl":"https:\/\/morgansbarberhouse.com\/wp-content\/uploads\/2022\/04\/cropped-Imagen2.png","width":3775,"height":1622,"caption":"La Mejor Barberia de Cartagena"},"image":{"@id":"https:\/\/morgansbarberhouse.com\/#\/schema\/logo\/image\/"}}]}},"uagb_featured_image_src":{"full":["https:\/\/morgansbarberhouse.com\/wp-content\/uploads\/2022\/04\/CORTE.png",500,490,false],"thumbnail":["https:\/\/morgansbarberhouse.com\/wp-content\/uploads\/2022\/04\/CORTE-150x150.png",150,150,true],"medium":["https:\/\/morgansbarberhouse.com\/wp-content\/uploads\/2022\/04\/CORTE-300x294.png",300,294,true],"medium_large":["https:\/\/morgansbarberhouse.com\/wp-content\/uploads\/2022\/04\/CORTE.png",500,490,false],"large":["https:\/\/morgansbarberhouse.com\/wp-content\/uploads\/2022\/04\/CORTE.png",500,490,false],"1536x1536":["https:\/\/morgansbarberhouse.com\/wp-content\/uploads\/2022\/04\/CORTE.png",500,490,false],"2048x2048":["https:\/\/morgansbarberhouse.com\/wp-content\/uploads\/2022\/04\/CORTE.png",500,490,false],"trp-custom-language-flag":["https:\/\/morgansbarberhouse.com\/wp-content\/uploads\/2022\/04\/CORTE-12x12.png",12,12,true],"woocommerce_thumbnail":["https:\/\/morgansbarberhouse.com\/wp-content\/uploads\/2022\/04\/CORTE-300x300.png",300,300,true],"woocommerce_single":["https:\/\/morgansbarberhouse.com\/wp-content\/uploads\/2022\/04\/CORTE.png",500,490,false],"woocommerce_gallery_thumbnail":["https:\/\/morgansbarberhouse.com\/wp-content\/uploads\/2022\/04\/CORTE-100x100.png",100,100,true]},"uagb_author_info":{"display_name":"info","author_link":"https:\/\/morgansbarberhouse.com\/en\/author\/"},"uagb_comment_info":0,"uagb_excerpt":"Corte de CabelloUn corte dise\u00f1ado a tu medida, con t\u00e9cnica precisa y enfoque en estilo, simetr\u00eda y frescura. Nos tomamos el tiempo para entender lo que buscas y lo transformamos en un look que resalta tu imagen personal. Calidad y detalle en cada l\u00ednea.","jetpack_sharing_enabled":true,"_links":{"self":[{"href":"https:\/\/morgansbarberhouse.com\/en\/wp-json\/wp\/v2\/product\/410","targetHints":{"allow":["GET"]}}],"collection":[{"href":"https:\/\/morgansbarberhouse.com\/en\/wp-json\/wp\/v2\/product"}],"about":[{"href":"https:\/\/morgansbarberhouse.com\/en\/wp-json\/wp\/v2\/types\/product"}],"replies":[{"embeddable":true,"href":"https:\/\/morgansbarberhouse.com\/en\/wp-json\/wp\/v2\/comments?post=410"}],"wp:featuredmedia":[{"embeddable":true,"href":"https:\/\/morgansbarberhouse.com\/en\/wp-json\/wp\/v2\/media\/383"}],"wp:attachment":[{"href":"https:\/\/morgansbarberhouse.com\/en\/wp-json\/wp\/v2\/media?parent=410"}],"wp:term":[{"taxonomy":"product_brand","embeddable":true,"href":"https:\/\/morgansbarberhouse.com\/en\/wp-json\/wp\/v2\/product_brand?post=410"},{"taxonomy":"product_cat","embeddable":true,"href":"https:\/\/morgansbarberhouse.com\/en\/wp-json\/wp\/v2\/product_cat?post=410"},{"taxonomy":"product_tag","embeddable":true,"href":"https:\/\/morgansbarberhouse.com\/en\/wp-json\/wp\/v2\/product_tag?post=410"}],"curies":[{"name":"wp","href":"https:\/\/api.w.org\/{rel}","templated":true}]}}