{"id":413,"date":"2022-04-20T17:07:57","date_gmt":"2022-04-20T22:07:57","guid":{"rendered":"https:\/\/morgansbarberhouse.com\/?post_type=product&#038;p=413"},"modified":"2025-06-18T17:48:41","modified_gmt":"2025-06-18T22:48:41","slug":"corte-de-cabello-y-barba","status":"publish","type":"product","link":"https:\/\/morgansbarberhouse.com\/en\/product\/corte-de-cabello-y-barba\/","title":{"rendered":"Corte de Cabello y Barba"},"content":{"rendered":"<p>\ud83d\udc87\u200d\u2642\ufe0f <strong data-start=\"156\" data-end=\"184\">Corte de Cabello + Barba<\/strong><br data-start=\"184\" data-end=\"187\" \/>Una experiencia completa con dise\u00f1o personalizado de corte y barba. Combinamos t\u00e9cnica de alta precisi\u00f3n con estilo actual, cuidando cada detalle para que salgas con un look impecable. Ideal para quienes valoran la imagen, la limpieza y el buen gusto.<\/p>","protected":false},"excerpt":{"rendered":"<p>\ud83d\udc87\u200d\u2642\ufe0f Corte de Cabello + BarbaUna experiencia completa con dise\u00f1o personalizado de corte y barba. Combinamos t\u00e9cnica de alta precisi\u00f3n con estilo actual, cuidando cada detalle para que salgas con un look impecable. Ideal para quienes valoran la imagen, la limpieza y el buen gusto.<\/p>","protected":false},"featured_media":373,"comment_status":"open","ping_status":"closed","template":"","meta":{"_uag_custom_page_level_css":"","site-sidebar-layout":"default","site-content-layout":"default","ast-global-header-display":"","ast-main-header-display":"","ast-hfb-above-header-display":"","ast-hfb-below-header-display":"","ast-hfb-mobile-header-display":"","site-post-title":"","ast-breadcrumbs-content":"","ast-featured-img":"","footer-sml-layout":"","theme-transparent-header-meta":"default","adv-header-id-meta":"","stick-header-meta":"","header-above-stick-meta":"","header-main-stick-meta":"","header-below-stick-meta":""},"product_brand":[],"product_cat":[20],"product_tag":[],"class_list":{"0":"post-413","1":"product","2":"type-product","3":"status-publish","4":"has-post-thumbnail","6":"product_cat-servicios","8":"first","9":"instock","10":"shipping-taxable","11":"purchasable","12":"product-type-simple"},"yoast_head":"<!-- This site is optimized with the Yoast SEO Premium plugin v25.8 (Yoast SEO v27.3) - https:\/\/yoast.com\/product\/yoast-seo-premium-wordpress\/ -->\n<title>Corte de Cabello y Barba - La Mejor Barberia de Cartagena<\/title>\n<meta name=\"robots\" content=\"index, follow, max-snippet:-1, max-image-preview:large, max-video-preview:-1\" \/>\n<link rel=\"canonical\" href=\"https:\/\/morgansbarberhouse.com\/en\/product\/corte-de-cabello-y-barba\/\" \/>\n<meta property=\"og:locale\" content=\"en_US\" \/>\n<meta property=\"og:type\" content=\"article\" \/>\n<meta property=\"og:title\" content=\"Corte de Cabello y Barba\" \/>\n<meta property=\"og:description\" content=\"\ud83d\udc87\u200d\u2642\ufe0f Corte de Cabello + BarbaUna experiencia completa con dise\u00f1o personalizado de corte y barba. Combinamos t\u00e9cnica de alta precisi\u00f3n con estilo actual, cuidando cada detalle para que salgas con un look impecable. Ideal para quienes valoran la imagen, la limpieza y el buen gusto.\" \/>\n<meta property=\"og:url\" content=\"https:\/\/morgansbarberhouse.com\/en\/product\/corte-de-cabello-y-barba\/\" \/>\n<meta property=\"og:site_name\" content=\"La Mejor Barberia de Cartagena\" \/>\n<meta property=\"article:modified_time\" content=\"2025-06-18T22:48:41+00:00\" \/>\n<meta property=\"og:image\" content=\"https:\/\/morgansbarberhouse.com\/wp-content\/uploads\/2022\/04\/CABELLO-BARBA.png\" \/>\n\t<meta property=\"og:image:width\" content=\"502\" \/>\n\t<meta property=\"og:image:height\" content=\"495\" \/>\n\t<meta property=\"og:image:type\" content=\"image\/png\" \/>\n<meta name=\"twitter:card\" content=\"summary_large_image\" \/>\n<script type=\"application\/ld+json\" class=\"yoast-schema-graph\">{\"@context\":\"https:\\\/\\\/schema.org\",\"@graph\":[{\"@type\":\"WebPage\",\"@id\":\"https:\\\/\\\/morgansbarberhouse.com\\\/producto\\\/corte-de-cabello-y-barba\\\/\",\"url\":\"https:\\\/\\\/morgansbarberhouse.com\\\/producto\\\/corte-de-cabello-y-barba\\\/\",\"name\":\"Corte de Cabello y Barba - La Mejor Barberia de Cartagena\",\"isPartOf\":{\"@id\":\"https:\\\/\\\/morgansbarberhouse.com\\\/#website\"},\"primaryImageOfPage\":{\"@id\":\"https:\\\/\\\/morgansbarberhouse.com\\\/producto\\\/corte-de-cabello-y-barba\\\/#primaryimage\"},\"image\":{\"@id\":\"https:\\\/\\\/morgansbarberhouse.com\\\/producto\\\/corte-de-cabello-y-barba\\\/#primaryimage\"},\"thumbnailUrl\":\"https:\\\/\\\/morgansbarberhouse.com\\\/wp-content\\\/uploads\\\/2022\\\/04\\\/CABELLO-BARBA.png\",\"datePublished\":\"2022-04-20T22:07:57+00:00\",\"dateModified\":\"2025-06-18T22:48:41+00:00\",\"breadcrumb\":{\"@id\":\"https:\\\/\\\/morgansbarberhouse.com\\\/producto\\\/corte-de-cabello-y-barba\\\/#breadcrumb\"},\"inLanguage\":\"en-US\",\"potentialAction\":[{\"@type\":\"ReadAction\",\"target\":[\"https:\\\/\\\/morgansbarberhouse.com\\\/producto\\\/corte-de-cabello-y-barba\\\/\"]}]},{\"@type\":\"ImageObject\",\"inLanguage\":\"en-US\",\"@id\":\"https:\\\/\\\/morgansbarberhouse.com\\\/producto\\\/corte-de-cabello-y-barba\\\/#primaryimage\",\"url\":\"https:\\\/\\\/morgansbarberhouse.com\\\/wp-content\\\/uploads\\\/2022\\\/04\\\/CABELLO-BARBA.png\",\"contentUrl\":\"https:\\\/\\\/morgansbarberhouse.com\\\/wp-content\\\/uploads\\\/2022\\\/04\\\/CABELLO-BARBA.png\",\"width\":502,\"height\":495},{\"@type\":\"BreadcrumbList\",\"@id\":\"https:\\\/\\\/morgansbarberhouse.com\\\/producto\\\/corte-de-cabello-y-barba\\\/#breadcrumb\",\"itemListElement\":[{\"@type\":\"ListItem\",\"position\":1,\"name\":\"Inicio\",\"item\":\"https:\\\/\\\/morgansbarberhouse.com\\\/\"},{\"@type\":\"ListItem\",\"position\":2,\"name\":\"Tienda\",\"item\":\"https:\\\/\\\/morgansbarberhouse.com\\\/tienda\\\/\"},{\"@type\":\"ListItem\",\"position\":3,\"name\":\"Corte de Cabello y Barba\"}]},{\"@type\":\"WebSite\",\"@id\":\"https:\\\/\\\/morgansbarberhouse.com\\\/#website\",\"url\":\"https:\\\/\\\/morgansbarberhouse.com\\\/\",\"name\":\"La Mejor Barberia de Cartagena\",\"description\":\"La guarida\",\"publisher\":{\"@id\":\"https:\\\/\\\/morgansbarberhouse.com\\\/#organization\"},\"potentialAction\":[{\"@type\":\"SearchAction\",\"target\":{\"@type\":\"EntryPoint\",\"urlTemplate\":\"https:\\\/\\\/morgansbarberhouse.com\\\/?s={search_term_string}\"},\"query-input\":{\"@type\":\"PropertyValueSpecification\",\"valueRequired\":true,\"valueName\":\"search_term_string\"}}],\"inLanguage\":\"en-US\"},{\"@type\":\"Organization\",\"@id\":\"https:\\\/\\\/morgansbarberhouse.com\\\/#organization\",\"name\":\"La Mejor Barberia de Cartagena\",\"url\":\"https:\\\/\\\/morgansbarberhouse.com\\\/\",\"logo\":{\"@type\":\"ImageObject\",\"inLanguage\":\"en-US\",\"@id\":\"https:\\\/\\\/morgansbarberhouse.com\\\/#\\\/schema\\\/logo\\\/image\\\/\",\"url\":\"https:\\\/\\\/morgansbarberhouse.com\\\/wp-content\\\/uploads\\\/2022\\\/04\\\/cropped-Imagen2.png\",\"contentUrl\":\"https:\\\/\\\/morgansbarberhouse.com\\\/wp-content\\\/uploads\\\/2022\\\/04\\\/cropped-Imagen2.png\",\"width\":3775,\"height\":1622,\"caption\":\"La Mejor Barberia de Cartagena\"},\"image\":{\"@id\":\"https:\\\/\\\/morgansbarberhouse.com\\\/#\\\/schema\\\/logo\\\/image\\\/\"}}]}<\/script>\n<!-- \/ Yoast SEO Premium plugin. -->","yoast_head_json":{"title":"Corte de Cabello y Barba - La Mejor Barberia de Cartagena","robots":{"index":"index","follow":"follow","max-snippet":"max-snippet:-1","max-image-preview":"max-image-preview:large","max-video-preview":"max-video-preview:-1"},"canonical":"https:\/\/morgansbarberhouse.com\/en\/product\/corte-de-cabello-y-barba\/","og_locale":"en_US","og_type":"article","og_title":"Corte de Cabello y Barba","og_description":"\ud83d\udc87\u200d\u2642\ufe0f Corte de Cabello + BarbaUna experiencia completa con dise\u00f1o personalizado de corte y barba. Combinamos t\u00e9cnica de alta precisi\u00f3n con estilo actual, cuidando cada detalle para que salgas con un look impecable. Ideal para quienes valoran la imagen, la limpieza y el buen gusto.","og_url":"https:\/\/morgansbarberhouse.com\/en\/product\/corte-de-cabello-y-barba\/","og_site_name":"La Mejor Barberia de Cartagena","article_modified_time":"2025-06-18T22:48:41+00:00","og_image":[{"width":502,"height":495,"url":"https:\/\/morgansbarberhouse.com\/wp-content\/uploads\/2022\/04\/CABELLO-BARBA.png","type":"image\/png"}],"twitter_card":"summary_large_image","schema":{"@context":"https:\/\/schema.org","@graph":[{"@type":"WebPage","@id":"https:\/\/morgansbarberhouse.com\/producto\/corte-de-cabello-y-barba\/","url":"https:\/\/morgansbarberhouse.com\/producto\/corte-de-cabello-y-barba\/","name":"Corte de Cabello y Barba - La Mejor Barberia de Cartagena","isPartOf":{"@id":"https:\/\/morgansbarberhouse.com\/#website"},"primaryImageOfPage":{"@id":"https:\/\/morgansbarberhouse.com\/producto\/corte-de-cabello-y-barba\/#primaryimage"},"image":{"@id":"https:\/\/morgansbarberhouse.com\/producto\/corte-de-cabello-y-barba\/#primaryimage"},"thumbnailUrl":"https:\/\/morgansbarberhouse.com\/wp-content\/uploads\/2022\/04\/CABELLO-BARBA.png","datePublished":"2022-04-20T22:07:57+00:00","dateModified":"2025-06-18T22:48:41+00:00","breadcrumb":{"@id":"https:\/\/morgansbarberhouse.com\/producto\/corte-de-cabello-y-barba\/#breadcrumb"},"inLanguage":"en-US","potentialAction":[{"@type":"ReadAction","target":["https:\/\/morgansbarberhouse.com\/producto\/corte-de-cabello-y-barba\/"]}]},{"@type":"ImageObject","inLanguage":"en-US","@id":"https:\/\/morgansbarberhouse.com\/producto\/corte-de-cabello-y-barba\/#primaryimage","url":"https:\/\/morgansbarberhouse.com\/wp-content\/uploads\/2022\/04\/CABELLO-BARBA.png","contentUrl":"https:\/\/morgansbarberhouse.com\/wp-content\/uploads\/2022\/04\/CABELLO-BARBA.png","width":502,"height":495},{"@type":"BreadcrumbList","@id":"https:\/\/morgansbarberhouse.com\/producto\/corte-de-cabello-y-barba\/#breadcrumb","itemListElement":[{"@type":"ListItem","position":1,"name":"Inicio","item":"https:\/\/morgansbarberhouse.com\/"},{"@type":"ListItem","position":2,"name":"Tienda","item":"https:\/\/morgansbarberhouse.com\/tienda\/"},{"@type":"ListItem","position":3,"name":"Corte de Cabello y Barba"}]},{"@type":"WebSite","@id":"https:\/\/morgansbarberhouse.com\/#website","url":"https:\/\/morgansbarberhouse.com\/","name":"La Mejor Barberia de Cartagena","description":"La guarida","publisher":{"@id":"https:\/\/morgansbarberhouse.com\/#organization"},"potentialAction":[{"@type":"SearchAction","target":{"@type":"EntryPoint","urlTemplate":"https:\/\/morgansbarberhouse.com\/?s={search_term_string}"},"query-input":{"@type":"PropertyValueSpecification","valueRequired":true,"valueName":"search_term_string"}}],"inLanguage":"en-US"},{"@type":"Organization","@id":"https:\/\/morgansbarberhouse.com\/#organization","name":"La Mejor Barberia de Cartagena","url":"https:\/\/morgansbarberhouse.com\/","logo":{"@type":"ImageObject","inLanguage":"en-US","@id":"https:\/\/morgansbarberhouse.com\/#\/schema\/logo\/image\/","url":"https:\/\/morgansbarberhouse.com\/wp-content\/uploads\/2022\/04\/cropped-Imagen2.png","contentUrl":"https:\/\/morgansbarberhouse.com\/wp-content\/uploads\/2022\/04\/cropped-Imagen2.png","width":3775,"height":1622,"caption":"La Mejor Barberia de Cartagena"},"image":{"@id":"https:\/\/morgansbarberhouse.com\/#\/schema\/logo\/image\/"}}]}},"uagb_featured_image_src":{"full":["https:\/\/morgansbarberhouse.com\/wp-content\/uploads\/2022\/04\/CABELLO-BARBA.png",502,495,false],"thumbnail":["https:\/\/morgansbarberhouse.com\/wp-content\/uploads\/2022\/04\/CABELLO-BARBA-150x150.png",150,150,true],"medium":["https:\/\/morgansbarberhouse.com\/wp-content\/uploads\/2022\/04\/CABELLO-BARBA-300x296.png",300,296,true],"medium_large":["https:\/\/morgansbarberhouse.com\/wp-content\/uploads\/2022\/04\/CABELLO-BARBA.png",502,495,false],"large":["https:\/\/morgansbarberhouse.com\/wp-content\/uploads\/2022\/04\/CABELLO-BARBA.png",502,495,false],"1536x1536":["https:\/\/morgansbarberhouse.com\/wp-content\/uploads\/2022\/04\/CABELLO-BARBA.png",502,495,false],"2048x2048":["https:\/\/morgansbarberhouse.com\/wp-content\/uploads\/2022\/04\/CABELLO-BARBA.png",502,495,false],"trp-custom-language-flag":["https:\/\/morgansbarberhouse.com\/wp-content\/uploads\/2022\/04\/CABELLO-BARBA-12x12.png",12,12,true],"woocommerce_thumbnail":["https:\/\/morgansbarberhouse.com\/wp-content\/uploads\/2022\/04\/CABELLO-BARBA-300x300.png",300,300,true],"woocommerce_single":["https:\/\/morgansbarberhouse.com\/wp-content\/uploads\/2022\/04\/CABELLO-BARBA.png",502,495,false],"woocommerce_gallery_thumbnail":["https:\/\/morgansbarberhouse.com\/wp-content\/uploads\/2022\/04\/CABELLO-BARBA-100x100.png",100,100,true]},"uagb_author_info":{"display_name":"info","author_link":"https:\/\/morgansbarberhouse.com\/en\/author\/"},"uagb_comment_info":0,"uagb_excerpt":"\ud83d\udc87\u200d\u2642\ufe0f Corte de Cabello + BarbaUna experiencia completa con dise\u00f1o personalizado de corte y barba. Combinamos t\u00e9cnica de alta precisi\u00f3n con estilo actual, cuidando cada detalle para que salgas con un look impecable. Ideal para quienes valoran la imagen, la limpieza y el buen gusto.","jetpack_sharing_enabled":true,"_links":{"self":[{"href":"https:\/\/morgansbarberhouse.com\/en\/wp-json\/wp\/v2\/product\/413","targetHints":{"allow":["GET"]}}],"collection":[{"href":"https:\/\/morgansbarberhouse.com\/en\/wp-json\/wp\/v2\/product"}],"about":[{"href":"https:\/\/morgansbarberhouse.com\/en\/wp-json\/wp\/v2\/types\/product"}],"replies":[{"embeddable":true,"href":"https:\/\/morgansbarberhouse.com\/en\/wp-json\/wp\/v2\/comments?post=413"}],"wp:featuredmedia":[{"embeddable":true,"href":"https:\/\/morgansbarberhouse.com\/en\/wp-json\/wp\/v2\/media\/373"}],"wp:attachment":[{"href":"https:\/\/morgansbarberhouse.com\/en\/wp-json\/wp\/v2\/media?parent=413"}],"wp:term":[{"taxonomy":"product_brand","embeddable":true,"href":"https:\/\/morgansbarberhouse.com\/en\/wp-json\/wp\/v2\/product_brand?post=413"},{"taxonomy":"product_cat","embeddable":true,"href":"https:\/\/morgansbarberhouse.com\/en\/wp-json\/wp\/v2\/product_cat?post=413"},{"taxonomy":"product_tag","embeddable":true,"href":"https:\/\/morgansbarberhouse.com\/en\/wp-json\/wp\/v2\/product_tag?post=413"}],"curies":[{"name":"wp","href":"https:\/\/api.w.org\/{rel}","templated":true}]}}