{"id":424,"date":"2022-04-20T17:19:15","date_gmt":"2022-04-20T22:19:15","guid":{"rendered":"https:\/\/morgansbarberhouse.com\/?post_type=product&#038;p=424"},"modified":"2024-02-12T10:21:40","modified_gmt":"2024-02-12T15:21:40","slug":"depilacion-en-cera","status":"publish","type":"product","link":"https:\/\/morgansbarberhouse.com\/en\/product\/depilacion-en-cera\/","title":{"rendered":"Depilaci\u00f3n en cera 1 sesi\u00f3n"},"content":{"rendered":"","protected":false},"excerpt":{"rendered":"<p>El precio de este servicio es por cada sesi\u00f3n realizada.<\/p>","protected":false},"featured_media":384,"comment_status":"open","ping_status":"closed","template":"","meta":{"_uag_custom_page_level_css":"","site-sidebar-layout":"default","site-content-layout":"default","ast-global-header-display":"","ast-main-header-display":"","ast-hfb-above-header-display":"","ast-hfb-below-header-display":"","ast-hfb-mobile-header-display":"","site-post-title":"","ast-breadcrumbs-content":"","ast-featured-img":"","footer-sml-layout":"","theme-transparent-header-meta":"default","adv-header-id-meta":"","stick-header-meta":"","header-above-stick-meta":"","header-main-stick-meta":"","header-below-stick-meta":""},"product_brand":[],"product_cat":[20],"product_tag":[],"class_list":{"0":"post-424","1":"product","2":"type-product","3":"status-publish","4":"has-post-thumbnail","6":"product_cat-servicios","8":"first","9":"instock","10":"shipping-taxable","11":"purchasable","12":"product-type-simple"},"yoast_head":"<!-- This site is optimized with the Yoast SEO Premium plugin v25.8 (Yoast SEO v27.3) - https:\/\/yoast.com\/product\/yoast-seo-premium-wordpress\/ -->\n<title>Depilaci\u00f3n en cera 1 sesi\u00f3n - La Mejor Barberia de Cartagena<\/title>\n<meta name=\"robots\" content=\"index, follow, max-snippet:-1, max-image-preview:large, max-video-preview:-1\" \/>\n<link rel=\"canonical\" href=\"https:\/\/morgansbarberhouse.com\/en\/product\/depilacion-en-cera\/\" \/>\n<meta property=\"og:locale\" content=\"en_US\" \/>\n<meta property=\"og:type\" content=\"article\" \/>\n<meta property=\"og:title\" content=\"Depilaci\u00f3n en cera 1 sesi\u00f3n\" \/>\n<meta property=\"og:description\" content=\"El precio de este servicio es por cada sesi\u00f3n realizada.\" \/>\n<meta property=\"og:url\" content=\"https:\/\/morgansbarberhouse.com\/en\/product\/depilacion-en-cera\/\" \/>\n<meta property=\"og:site_name\" content=\"La Mejor Barberia de Cartagena\" \/>\n<meta property=\"article:modified_time\" content=\"2024-02-12T15:21:40+00:00\" \/>\n<meta property=\"og:image\" content=\"https:\/\/morgansbarberhouse.com\/wp-content\/uploads\/2022\/04\/DEPILACION-CERA.png\" \/>\n\t<meta property=\"og:image:width\" content=\"493\" \/>\n\t<meta property=\"og:image:height\" content=\"494\" \/>\n\t<meta property=\"og:image:type\" content=\"image\/png\" \/>\n<meta name=\"twitter:card\" content=\"summary_large_image\" \/>\n<script type=\"application\/ld+json\" class=\"yoast-schema-graph\">{\"@context\":\"https:\\\/\\\/schema.org\",\"@graph\":[{\"@type\":\"WebPage\",\"@id\":\"https:\\\/\\\/morgansbarberhouse.com\\\/producto\\\/depilacion-en-cera\\\/\",\"url\":\"https:\\\/\\\/morgansbarberhouse.com\\\/producto\\\/depilacion-en-cera\\\/\",\"name\":\"Depilaci\u00f3n en cera 1 sesi\u00f3n - La Mejor Barberia de Cartagena\",\"isPartOf\":{\"@id\":\"https:\\\/\\\/morgansbarberhouse.com\\\/#website\"},\"primaryImageOfPage\":{\"@id\":\"https:\\\/\\\/morgansbarberhouse.com\\\/producto\\\/depilacion-en-cera\\\/#primaryimage\"},\"image\":{\"@id\":\"https:\\\/\\\/morgansbarberhouse.com\\\/producto\\\/depilacion-en-cera\\\/#primaryimage\"},\"thumbnailUrl\":\"https:\\\/\\\/morgansbarberhouse.com\\\/wp-content\\\/uploads\\\/2022\\\/04\\\/DEPILACION-CERA.png\",\"datePublished\":\"2022-04-20T22:19:15+00:00\",\"dateModified\":\"2024-02-12T15:21:40+00:00\",\"breadcrumb\":{\"@id\":\"https:\\\/\\\/morgansbarberhouse.com\\\/producto\\\/depilacion-en-cera\\\/#breadcrumb\"},\"inLanguage\":\"en-US\",\"potentialAction\":[{\"@type\":\"ReadAction\",\"target\":[\"https:\\\/\\\/morgansbarberhouse.com\\\/producto\\\/depilacion-en-cera\\\/\"]}]},{\"@type\":\"ImageObject\",\"inLanguage\":\"en-US\",\"@id\":\"https:\\\/\\\/morgansbarberhouse.com\\\/producto\\\/depilacion-en-cera\\\/#primaryimage\",\"url\":\"https:\\\/\\\/morgansbarberhouse.com\\\/wp-content\\\/uploads\\\/2022\\\/04\\\/DEPILACION-CERA.png\",\"contentUrl\":\"https:\\\/\\\/morgansbarberhouse.com\\\/wp-content\\\/uploads\\\/2022\\\/04\\\/DEPILACION-CERA.png\",\"width\":493,\"height\":494},{\"@type\":\"BreadcrumbList\",\"@id\":\"https:\\\/\\\/morgansbarberhouse.com\\\/producto\\\/depilacion-en-cera\\\/#breadcrumb\",\"itemListElement\":[{\"@type\":\"ListItem\",\"position\":1,\"name\":\"Inicio\",\"item\":\"https:\\\/\\\/morgansbarberhouse.com\\\/\"},{\"@type\":\"ListItem\",\"position\":2,\"name\":\"Tienda\",\"item\":\"https:\\\/\\\/morgansbarberhouse.com\\\/tienda\\\/\"},{\"@type\":\"ListItem\",\"position\":3,\"name\":\"Depilaci\u00f3n en cera 1 sesi\u00f3n\"}]},{\"@type\":\"WebSite\",\"@id\":\"https:\\\/\\\/morgansbarberhouse.com\\\/#website\",\"url\":\"https:\\\/\\\/morgansbarberhouse.com\\\/\",\"name\":\"La Mejor Barberia de Cartagena\",\"description\":\"La guarida\",\"publisher\":{\"@id\":\"https:\\\/\\\/morgansbarberhouse.com\\\/#organization\"},\"potentialAction\":[{\"@type\":\"SearchAction\",\"target\":{\"@type\":\"EntryPoint\",\"urlTemplate\":\"https:\\\/\\\/morgansbarberhouse.com\\\/?s={search_term_string}\"},\"query-input\":{\"@type\":\"PropertyValueSpecification\",\"valueRequired\":true,\"valueName\":\"search_term_string\"}}],\"inLanguage\":\"en-US\"},{\"@type\":\"Organization\",\"@id\":\"https:\\\/\\\/morgansbarberhouse.com\\\/#organization\",\"name\":\"La Mejor Barberia de Cartagena\",\"url\":\"https:\\\/\\\/morgansbarberhouse.com\\\/\",\"logo\":{\"@type\":\"ImageObject\",\"inLanguage\":\"en-US\",\"@id\":\"https:\\\/\\\/morgansbarberhouse.com\\\/#\\\/schema\\\/logo\\\/image\\\/\",\"url\":\"https:\\\/\\\/morgansbarberhouse.com\\\/wp-content\\\/uploads\\\/2022\\\/04\\\/cropped-Imagen2.png\",\"contentUrl\":\"https:\\\/\\\/morgansbarberhouse.com\\\/wp-content\\\/uploads\\\/2022\\\/04\\\/cropped-Imagen2.png\",\"width\":3775,\"height\":1622,\"caption\":\"La Mejor Barberia de Cartagena\"},\"image\":{\"@id\":\"https:\\\/\\\/morgansbarberhouse.com\\\/#\\\/schema\\\/logo\\\/image\\\/\"}}]}<\/script>\n<!-- \/ Yoast SEO Premium plugin. -->","yoast_head_json":{"title":"Depilaci\u00f3n en cera 1 sesi\u00f3n - La Mejor Barberia de Cartagena","robots":{"index":"index","follow":"follow","max-snippet":"max-snippet:-1","max-image-preview":"max-image-preview:large","max-video-preview":"max-video-preview:-1"},"canonical":"https:\/\/morgansbarberhouse.com\/en\/product\/depilacion-en-cera\/","og_locale":"en_US","og_type":"article","og_title":"Depilaci\u00f3n en cera 1 sesi\u00f3n","og_description":"El precio de este servicio es por cada sesi\u00f3n realizada.","og_url":"https:\/\/morgansbarberhouse.com\/en\/product\/depilacion-en-cera\/","og_site_name":"La Mejor Barberia de Cartagena","article_modified_time":"2024-02-12T15:21:40+00:00","og_image":[{"width":493,"height":494,"url":"https:\/\/morgansbarberhouse.com\/wp-content\/uploads\/2022\/04\/DEPILACION-CERA.png","type":"image\/png"}],"twitter_card":"summary_large_image","schema":{"@context":"https:\/\/schema.org","@graph":[{"@type":"WebPage","@id":"https:\/\/morgansbarberhouse.com\/producto\/depilacion-en-cera\/","url":"https:\/\/morgansbarberhouse.com\/producto\/depilacion-en-cera\/","name":"Depilaci\u00f3n en cera 1 sesi\u00f3n - La Mejor Barberia de Cartagena","isPartOf":{"@id":"https:\/\/morgansbarberhouse.com\/#website"},"primaryImageOfPage":{"@id":"https:\/\/morgansbarberhouse.com\/producto\/depilacion-en-cera\/#primaryimage"},"image":{"@id":"https:\/\/morgansbarberhouse.com\/producto\/depilacion-en-cera\/#primaryimage"},"thumbnailUrl":"https:\/\/morgansbarberhouse.com\/wp-content\/uploads\/2022\/04\/DEPILACION-CERA.png","datePublished":"2022-04-20T22:19:15+00:00","dateModified":"2024-02-12T15:21:40+00:00","breadcrumb":{"@id":"https:\/\/morgansbarberhouse.com\/producto\/depilacion-en-cera\/#breadcrumb"},"inLanguage":"en-US","potentialAction":[{"@type":"ReadAction","target":["https:\/\/morgansbarberhouse.com\/producto\/depilacion-en-cera\/"]}]},{"@type":"ImageObject","inLanguage":"en-US","@id":"https:\/\/morgansbarberhouse.com\/producto\/depilacion-en-cera\/#primaryimage","url":"https:\/\/morgansbarberhouse.com\/wp-content\/uploads\/2022\/04\/DEPILACION-CERA.png","contentUrl":"https:\/\/morgansbarberhouse.com\/wp-content\/uploads\/2022\/04\/DEPILACION-CERA.png","width":493,"height":494},{"@type":"BreadcrumbList","@id":"https:\/\/morgansbarberhouse.com\/producto\/depilacion-en-cera\/#breadcrumb","itemListElement":[{"@type":"ListItem","position":1,"name":"Inicio","item":"https:\/\/morgansbarberhouse.com\/"},{"@type":"ListItem","position":2,"name":"Tienda","item":"https:\/\/morgansbarberhouse.com\/tienda\/"},{"@type":"ListItem","position":3,"name":"Depilaci\u00f3n en cera 1 sesi\u00f3n"}]},{"@type":"WebSite","@id":"https:\/\/morgansbarberhouse.com\/#website","url":"https:\/\/morgansbarberhouse.com\/","name":"La Mejor Barberia de Cartagena","description":"La guarida","publisher":{"@id":"https:\/\/morgansbarberhouse.com\/#organization"},"potentialAction":[{"@type":"SearchAction","target":{"@type":"EntryPoint","urlTemplate":"https:\/\/morgansbarberhouse.com\/?s={search_term_string}"},"query-input":{"@type":"PropertyValueSpecification","valueRequired":true,"valueName":"search_term_string"}}],"inLanguage":"en-US"},{"@type":"Organization","@id":"https:\/\/morgansbarberhouse.com\/#organization","name":"La Mejor Barberia de Cartagena","url":"https:\/\/morgansbarberhouse.com\/","logo":{"@type":"ImageObject","inLanguage":"en-US","@id":"https:\/\/morgansbarberhouse.com\/#\/schema\/logo\/image\/","url":"https:\/\/morgansbarberhouse.com\/wp-content\/uploads\/2022\/04\/cropped-Imagen2.png","contentUrl":"https:\/\/morgansbarberhouse.com\/wp-content\/uploads\/2022\/04\/cropped-Imagen2.png","width":3775,"height":1622,"caption":"La Mejor Barberia de Cartagena"},"image":{"@id":"https:\/\/morgansbarberhouse.com\/#\/schema\/logo\/image\/"}}]}},"uagb_featured_image_src":{"full":["https:\/\/morgansbarberhouse.com\/wp-content\/uploads\/2022\/04\/DEPILACION-CERA.png",493,494,false],"thumbnail":["https:\/\/morgansbarberhouse.com\/wp-content\/uploads\/2022\/04\/DEPILACION-CERA-150x150.png",150,150,true],"medium":["https:\/\/morgansbarberhouse.com\/wp-content\/uploads\/2022\/04\/DEPILACION-CERA-300x300.png",300,300,true],"medium_large":["https:\/\/morgansbarberhouse.com\/wp-content\/uploads\/2022\/04\/DEPILACION-CERA.png",493,494,false],"large":["https:\/\/morgansbarberhouse.com\/wp-content\/uploads\/2022\/04\/DEPILACION-CERA.png",493,494,false],"1536x1536":["https:\/\/morgansbarberhouse.com\/wp-content\/uploads\/2022\/04\/DEPILACION-CERA.png",493,494,false],"2048x2048":["https:\/\/morgansbarberhouse.com\/wp-content\/uploads\/2022\/04\/DEPILACION-CERA.png",493,494,false],"trp-custom-language-flag":["https:\/\/morgansbarberhouse.com\/wp-content\/uploads\/2022\/04\/DEPILACION-CERA-12x12.png",12,12,true],"woocommerce_thumbnail":["https:\/\/morgansbarberhouse.com\/wp-content\/uploads\/2022\/04\/DEPILACION-CERA-300x300.png",300,300,true],"woocommerce_single":["https:\/\/morgansbarberhouse.com\/wp-content\/uploads\/2022\/04\/DEPILACION-CERA.png",493,494,false],"woocommerce_gallery_thumbnail":["https:\/\/morgansbarberhouse.com\/wp-content\/uploads\/2022\/04\/DEPILACION-CERA-100x100.png",100,100,true]},"uagb_author_info":{"display_name":"info","author_link":"https:\/\/morgansbarberhouse.com\/en\/author\/"},"uagb_comment_info":0,"uagb_excerpt":"El precio de este servicio es por cada sesi\u00f3n realizada.","jetpack_sharing_enabled":true,"_links":{"self":[{"href":"https:\/\/morgansbarberhouse.com\/en\/wp-json\/wp\/v2\/product\/424","targetHints":{"allow":["GET"]}}],"collection":[{"href":"https:\/\/morgansbarberhouse.com\/en\/wp-json\/wp\/v2\/product"}],"about":[{"href":"https:\/\/morgansbarberhouse.com\/en\/wp-json\/wp\/v2\/types\/product"}],"replies":[{"embeddable":true,"href":"https:\/\/morgansbarberhouse.com\/en\/wp-json\/wp\/v2\/comments?post=424"}],"wp:featuredmedia":[{"embeddable":true,"href":"https:\/\/morgansbarberhouse.com\/en\/wp-json\/wp\/v2\/media\/384"}],"wp:attachment":[{"href":"https:\/\/morgansbarberhouse.com\/en\/wp-json\/wp\/v2\/media?parent=424"}],"wp:term":[{"taxonomy":"product_brand","embeddable":true,"href":"https:\/\/morgansbarberhouse.com\/en\/wp-json\/wp\/v2\/product_brand?post=424"},{"taxonomy":"product_cat","embeddable":true,"href":"https:\/\/morgansbarberhouse.com\/en\/wp-json\/wp\/v2\/product_cat?post=424"},{"taxonomy":"product_tag","embeddable":true,"href":"https:\/\/morgansbarberhouse.com\/en\/wp-json\/wp\/v2\/product_tag?post=424"}],"curies":[{"name":"wp","href":"https:\/\/api.w.org\/{rel}","templated":true}]}}